{"id":53,"date":"2021-08-25T15:46:41","date_gmt":"2021-08-25T15:46:41","guid":{"rendered":"https:\/\/fdiuniqueproducts.com\/?post_type=product&#038;p=53"},"modified":"2021-09-14T21:37:33","modified_gmt":"2021-09-14T21:37:33","slug":"stevia-boliviana-todo-natural-de-peru-6oz-150-gramos","status":"publish","type":"product","link":"https:\/\/fdiuniqueproducts.com\/es\/product\/stevia-boliviana-todo-natural-de-peru-6oz-150-gramos\/","title":{"rendered":"Stevia boliviana todo Natural de Per\u00fa. 6oz. 150 gramos"},"content":{"rendered":"","protected":false},"excerpt":{"rendered":"<p>Edulcorante Stevia boliviano que es s\u00faper dulce y requiere s\u00f3lo una cuchara peque\u00f1a (incluida en el paquete) para endulzar su bebida.<br \/>\nEl peso real del producto es de 6 oz. Todos los productos enumerados tienen una fecha de caducidad de febrero de 2022 o posterior. (El aspecto del paquete puede variar a medida que algunos se actualizan con el etiquetado m\u00e1s reciente)<\/p>\n<p>CONDICIONES: No hay devoluciones en productos alimenticios, incluido este art\u00edculo.<\/p>\n","protected":false},"featured_media":49,"template":"","meta":[],"product_cat":[15],"product_tag":[],"class_list":{"0":"post-53","1":"product","2":"type-product","3":"status-publish","4":"has-post-thumbnail","6":"product_cat-productos-naturales","8":"first","9":"instock","10":"taxable","11":"shipping-taxable","12":"purchasable","13":"product-type-simple"},"jetpack_sharing_enabled":true,"_links":{"self":[{"href":"https:\/\/fdiuniqueproducts.com\/es\/wp-json\/wp\/v2\/product\/53","targetHints":{"allow":["GET"]}}],"collection":[{"href":"https:\/\/fdiuniqueproducts.com\/es\/wp-json\/wp\/v2\/product"}],"about":[{"href":"https:\/\/fdiuniqueproducts.com\/es\/wp-json\/wp\/v2\/types\/product"}],"wp:featuredmedia":[{"embeddable":true,"href":"https:\/\/fdiuniqueproducts.com\/es\/wp-json\/wp\/v2\/media\/49"}],"wp:attachment":[{"href":"https:\/\/fdiuniqueproducts.com\/es\/wp-json\/wp\/v2\/media?parent=53"}],"wp:term":[{"taxonomy":"product_cat","embeddable":true,"href":"https:\/\/fdiuniqueproducts.com\/es\/wp-json\/wp\/v2\/product_cat?post=53"},{"taxonomy":"product_tag","embeddable":true,"href":"https:\/\/fdiuniqueproducts.com\/es\/wp-json\/wp\/v2\/product_tag?post=53"}],"curies":[{"name":"wp","href":"https:\/\/api.w.org\/{rel}","templated":true}]}}