{"id":45,"date":"2021-08-25T15:35:10","date_gmt":"2021-08-25T15:35:10","guid":{"rendered":"https:\/\/fdiuniqueproducts.com\/?post_type=product&#038;p=45"},"modified":"2021-09-14T21:38:24","modified_gmt":"2021-09-14T21:38:24","slug":"la-boliviana-stevia-liquid","status":"publish","type":"product","link":"https:\/\/fdiuniqueproducts.com\/es\/product\/la-boliviana-stevia-liquid\/","title":{"rendered":"La Boliviana Stevia l\u00edquida"},"content":{"rendered":"","protected":false},"excerpt":{"rendered":"<p>Stevia l\u00edquida fabricado en Per\u00fa. S\u00f3lo unas gotas para endulzar tu bebida. Super Dulce y una gran alternativa al polvo Stevia.<\/p>\n","protected":false},"featured_media":48,"template":"","meta":[],"product_cat":[15],"product_tag":[],"class_list":{"0":"post-45","1":"product","2":"type-product","3":"status-publish","4":"has-post-thumbnail","6":"product_cat-productos-naturales","8":"first","9":"instock","10":"taxable","11":"shipping-taxable","12":"purchasable","13":"product-type-simple"},"jetpack_sharing_enabled":true,"_links":{"self":[{"href":"https:\/\/fdiuniqueproducts.com\/es\/wp-json\/wp\/v2\/product\/45","targetHints":{"allow":["GET"]}}],"collection":[{"href":"https:\/\/fdiuniqueproducts.com\/es\/wp-json\/wp\/v2\/product"}],"about":[{"href":"https:\/\/fdiuniqueproducts.com\/es\/wp-json\/wp\/v2\/types\/product"}],"wp:featuredmedia":[{"embeddable":true,"href":"https:\/\/fdiuniqueproducts.com\/es\/wp-json\/wp\/v2\/media\/48"}],"wp:attachment":[{"href":"https:\/\/fdiuniqueproducts.com\/es\/wp-json\/wp\/v2\/media?parent=45"}],"wp:term":[{"taxonomy":"product_cat","embeddable":true,"href":"https:\/\/fdiuniqueproducts.com\/es\/wp-json\/wp\/v2\/product_cat?post=45"},{"taxonomy":"product_tag","embeddable":true,"href":"https:\/\/fdiuniqueproducts.com\/es\/wp-json\/wp\/v2\/product_tag?post=45"}],"curies":[{"name":"wp","href":"https:\/\/api.w.org\/{rel}","templated":true}]}}