{"id":25,"date":"2021-08-25T14:50:01","date_gmt":"2021-08-25T14:50:01","guid":{"rendered":"https:\/\/fdiuniqueproducts.com\/?post_type=product&#038;p=25"},"modified":"2021-09-28T20:27:45","modified_gmt":"2021-09-28T20:27:45","slug":"stevia-boliviana-todo-natural-de-bolivia-80-gramos-2-8-onzas","status":"publish","type":"product","link":"https:\/\/fdiuniqueproducts.com\/es\/product\/stevia-boliviana-todo-natural-de-bolivia-80-gramos-2-8-onzas\/","title":{"rendered":"Stevia boliviana todo Natural de Bolivia 80 Gramos (2.8 Onzas)"},"content":{"rendered":"","protected":false},"excerpt":{"rendered":"<p>Stevia boliviana todo Natural de Bolivia 80 Gramos (2.8 Onzas)<\/p>\n<p>Paquete m\u00e1s peque\u00f1o para facilitar su uso, pero es el mismo Stevia que se encuentra en los tama\u00f1os de 250 y 350 gramos.<\/p>\n<p>300 veces m\u00e1s dulce que el az\u00facar. Use la cantidad igual de peque\u00f1a, aproximadamente del tama\u00f1o si su u\u00f1a me\u00f1ique,<br \/>\npara endulzar su bebida.<\/p>\n<p>Declaraciones con respecto a suplementos diet\u00e9ticos no han sido evaluados por la FDA y no est\u00e1n destinados a diagnosticar, tratar, curar, o prevenir cualquier enfermedad o condici\u00f3n de salud.<\/p>\n","protected":false},"featured_media":47,"template":"","meta":[],"product_cat":[15],"product_tag":[],"class_list":{"0":"post-25","1":"product","2":"type-product","3":"status-publish","4":"has-post-thumbnail","6":"product_cat-productos-naturales","8":"first","9":"instock","10":"taxable","11":"shipping-taxable","12":"purchasable","13":"product-type-simple"},"jetpack_sharing_enabled":true,"_links":{"self":[{"href":"https:\/\/fdiuniqueproducts.com\/es\/wp-json\/wp\/v2\/product\/25","targetHints":{"allow":["GET"]}}],"collection":[{"href":"https:\/\/fdiuniqueproducts.com\/es\/wp-json\/wp\/v2\/product"}],"about":[{"href":"https:\/\/fdiuniqueproducts.com\/es\/wp-json\/wp\/v2\/types\/product"}],"wp:featuredmedia":[{"embeddable":true,"href":"https:\/\/fdiuniqueproducts.com\/es\/wp-json\/wp\/v2\/media\/47"}],"wp:attachment":[{"href":"https:\/\/fdiuniqueproducts.com\/es\/wp-json\/wp\/v2\/media?parent=25"}],"wp:term":[{"taxonomy":"product_cat","embeddable":true,"href":"https:\/\/fdiuniqueproducts.com\/es\/wp-json\/wp\/v2\/product_cat?post=25"},{"taxonomy":"product_tag","embeddable":true,"href":"https:\/\/fdiuniqueproducts.com\/es\/wp-json\/wp\/v2\/product_tag?post=25"}],"curies":[{"name":"wp","href":"https:\/\/api.w.org\/{rel}","templated":true}]}}