{"id":232,"date":"2021-08-31T17:04:35","date_gmt":"2021-08-31T17:04:35","guid":{"rendered":"https:\/\/fdiuniqueproducts.com\/?post_type=product&#038;p=232"},"modified":"2021-09-14T21:31:14","modified_gmt":"2021-09-14T21:31:14","slug":"nutragen-vainilla-con-quinua-maca-y-kiwicha","status":"publish","type":"product","link":"https:\/\/fdiuniqueproducts.com\/es\/product\/nutragen-vainilla-con-quinua-maca-y-kiwicha\/","title":{"rendered":"Nutragen Vainilla con Quinua, Maca y Kiwicha"},"content":{"rendered":"","protected":false},"excerpt":{"rendered":"<p>Una bebida de vainilla que estimula la salud se mezcla con quinua, maca, kiwicha, prote\u00edna de soja, vainilla y est\u00e1 endulzada con az\u00facar, stevia y fruta de monje. Fabricado en Per\u00fa.<\/p>\n","protected":false},"featured_media":234,"template":"","meta":[],"product_cat":[15],"product_tag":[],"class_list":{"0":"post-232","1":"product","2":"type-product","3":"status-publish","4":"has-post-thumbnail","6":"product_cat-productos-naturales","8":"first","9":"instock","10":"taxable","11":"shipping-taxable","12":"purchasable","13":"product-type-simple"},"jetpack_sharing_enabled":true,"_links":{"self":[{"href":"https:\/\/fdiuniqueproducts.com\/es\/wp-json\/wp\/v2\/product\/232","targetHints":{"allow":["GET"]}}],"collection":[{"href":"https:\/\/fdiuniqueproducts.com\/es\/wp-json\/wp\/v2\/product"}],"about":[{"href":"https:\/\/fdiuniqueproducts.com\/es\/wp-json\/wp\/v2\/types\/product"}],"wp:featuredmedia":[{"embeddable":true,"href":"https:\/\/fdiuniqueproducts.com\/es\/wp-json\/wp\/v2\/media\/234"}],"wp:attachment":[{"href":"https:\/\/fdiuniqueproducts.com\/es\/wp-json\/wp\/v2\/media?parent=232"}],"wp:term":[{"taxonomy":"product_cat","embeddable":true,"href":"https:\/\/fdiuniqueproducts.com\/es\/wp-json\/wp\/v2\/product_cat?post=232"},{"taxonomy":"product_tag","embeddable":true,"href":"https:\/\/fdiuniqueproducts.com\/es\/wp-json\/wp\/v2\/product_tag?post=232"}],"curies":[{"name":"wp","href":"https:\/\/api.w.org\/{rel}","templated":true}]}}