{"id":218,"date":"2021-08-31T16:15:09","date_gmt":"2021-08-31T16:15:09","guid":{"rendered":"https:\/\/fdiuniqueproducts.com\/?post_type=product&#038;p=218"},"modified":"2021-09-14T21:31:24","modified_gmt":"2021-09-14T21:31:24","slug":"bebe-peruano-hecho-a-mano-nino-o-nina","status":"publish","type":"product","link":"https:\/\/fdiuniqueproducts.com\/es\/product\/bebe-peruano-hecho-a-mano-nino-o-nina\/","title":{"rendered":"Beb\u00e9 peruano hecho a mano | Ni\u00f1o o ni\u00f1a"},"content":{"rendered":"","protected":false},"excerpt":{"rendered":"<p>Representando a personajes fuertes de la &#8220;milenaria cultura peruana antigua&#8221; incanato que te llevar\u00e1 a sorprenderte con Cusco y es una historia maravillosa si sigues cavando la historia, simplemente &#8220;majestuosa&#8221; &#8220;m\u00e1gica&#8221; &#8220;m\u00edtica&#8221;<br \/>\n\ud83c\uddf5\ud83c\uddea!!! de amor<\/p>\n<p>7 pulgadas de alto.<br \/>\nHecho en Per\u00fa.<br \/>\nHecho a mano por profesionales peruanos de Art Craft.<br \/>\nElige tu Cholito o Cholita.<\/p>\n","protected":false},"featured_media":212,"template":"","meta":[],"product_cat":[17],"product_tag":[],"class_list":{"0":"post-218","1":"product","2":"type-product","3":"status-publish","4":"has-post-thumbnail","6":"product_cat-productos-peruanos","8":"first","9":"instock","10":"taxable","11":"shipping-taxable","12":"purchasable","13":"product-type-simple"},"jetpack_sharing_enabled":true,"_links":{"self":[{"href":"https:\/\/fdiuniqueproducts.com\/es\/wp-json\/wp\/v2\/product\/218","targetHints":{"allow":["GET"]}}],"collection":[{"href":"https:\/\/fdiuniqueproducts.com\/es\/wp-json\/wp\/v2\/product"}],"about":[{"href":"https:\/\/fdiuniqueproducts.com\/es\/wp-json\/wp\/v2\/types\/product"}],"wp:featuredmedia":[{"embeddable":true,"href":"https:\/\/fdiuniqueproducts.com\/es\/wp-json\/wp\/v2\/media\/212"}],"wp:attachment":[{"href":"https:\/\/fdiuniqueproducts.com\/es\/wp-json\/wp\/v2\/media?parent=218"}],"wp:term":[{"taxonomy":"product_cat","embeddable":true,"href":"https:\/\/fdiuniqueproducts.com\/es\/wp-json\/wp\/v2\/product_cat?post=218"},{"taxonomy":"product_tag","embeddable":true,"href":"https:\/\/fdiuniqueproducts.com\/es\/wp-json\/wp\/v2\/product_tag?post=218"}],"curies":[{"name":"wp","href":"https:\/\/api.w.org\/{rel}","templated":true}]}}