{"id":217,"date":"2021-08-31T16:12:42","date_gmt":"2021-08-31T16:12:42","guid":{"rendered":"https:\/\/fdiuniqueproducts.com\/?post_type=product&#038;p=217"},"modified":"2021-09-14T21:31:28","modified_gmt":"2021-09-14T21:31:28","slug":"camiseta-distanciamiento-social","status":"publish","type":"product","link":"https:\/\/fdiuniqueproducts.com\/es\/product\/camiseta-distanciamiento-social\/","title":{"rendered":"Camiseta Distanciamiento Social"},"content":{"rendered":"","protected":false},"excerpt":{"rendered":"<p>MANT\u00c9N TU DISTANCIA SOCIAL M\u00c1S QUE ACABO DE COMER FRIJOLES. Camiseta blanca con un perro o gato. Camiseta negra con perro negro peque\u00f1o o perro grande marr\u00f3n. Tama\u00f1os mediano y grande. Proporcione el tama\u00f1o, el color de la camiseta (blanco o negro) con un perro o gato al realizar el pedido. (Nota: No hay gato en la camiseta negra. Solo perros) enviado con paquete USPS de primera clase.<\/p>\n","protected":false},"featured_media":208,"template":"","meta":[],"product_cat":[18],"product_tag":[],"class_list":{"0":"post-217","1":"product","2":"type-product","3":"status-publish","4":"has-post-thumbnail","6":"product_cat-camisetas","8":"first","9":"instock","10":"taxable","11":"shipping-taxable","12":"purchasable","13":"product-type-simple"},"jetpack_sharing_enabled":true,"_links":{"self":[{"href":"https:\/\/fdiuniqueproducts.com\/es\/wp-json\/wp\/v2\/product\/217","targetHints":{"allow":["GET"]}}],"collection":[{"href":"https:\/\/fdiuniqueproducts.com\/es\/wp-json\/wp\/v2\/product"}],"about":[{"href":"https:\/\/fdiuniqueproducts.com\/es\/wp-json\/wp\/v2\/types\/product"}],"wp:featuredmedia":[{"embeddable":true,"href":"https:\/\/fdiuniqueproducts.com\/es\/wp-json\/wp\/v2\/media\/208"}],"wp:attachment":[{"href":"https:\/\/fdiuniqueproducts.com\/es\/wp-json\/wp\/v2\/media?parent=217"}],"wp:term":[{"taxonomy":"product_cat","embeddable":true,"href":"https:\/\/fdiuniqueproducts.com\/es\/wp-json\/wp\/v2\/product_cat?post=217"},{"taxonomy":"product_tag","embeddable":true,"href":"https:\/\/fdiuniqueproducts.com\/es\/wp-json\/wp\/v2\/product_tag?post=217"}],"curies":[{"name":"wp","href":"https:\/\/api.w.org\/{rel}","templated":true}]}}