{"id":133,"date":"2021-08-25T19:47:43","date_gmt":"2021-08-25T19:47:43","guid":{"rendered":"https:\/\/fdiuniqueproducts.com\/?post_type=product&#038;p=133"},"modified":"2021-09-28T20:12:53","modified_gmt":"2021-09-28T20:12:53","slug":"camisetas-peruanas-lineas-de-nazca-peru","status":"publish","type":"product","link":"https:\/\/fdiuniqueproducts.com\/es\/product\/camisetas-peruanas-lineas-de-nazca-peru\/","title":{"rendered":"Camisetas peruanas L\u00edneas de Nazca Per\u00fa"},"content":{"rendered":"","protected":false},"excerpt":{"rendered":"<p>CAMISETA PERUANA UNISEX DE GRAN TAMA\u00d1O<\/p>\n<p>Algod\u00f3n 100% peruano<\/p>\n<p>Hecho en Per\u00fa.<\/p>\n","protected":false},"featured_media":134,"template":"","meta":[],"product_cat":[17],"product_tag":[],"class_list":{"0":"post-133","1":"product","2":"type-product","3":"status-publish","4":"has-post-thumbnail","6":"product_cat-productos-peruanos","8":"first","9":"instock","10":"taxable","11":"shipping-taxable","12":"purchasable","13":"product-type-simple"},"jetpack_sharing_enabled":true,"_links":{"self":[{"href":"https:\/\/fdiuniqueproducts.com\/es\/wp-json\/wp\/v2\/product\/133","targetHints":{"allow":["GET"]}}],"collection":[{"href":"https:\/\/fdiuniqueproducts.com\/es\/wp-json\/wp\/v2\/product"}],"about":[{"href":"https:\/\/fdiuniqueproducts.com\/es\/wp-json\/wp\/v2\/types\/product"}],"wp:featuredmedia":[{"embeddable":true,"href":"https:\/\/fdiuniqueproducts.com\/es\/wp-json\/wp\/v2\/media\/134"}],"wp:attachment":[{"href":"https:\/\/fdiuniqueproducts.com\/es\/wp-json\/wp\/v2\/media?parent=133"}],"wp:term":[{"taxonomy":"product_cat","embeddable":true,"href":"https:\/\/fdiuniqueproducts.com\/es\/wp-json\/wp\/v2\/product_cat?post=133"},{"taxonomy":"product_tag","embeddable":true,"href":"https:\/\/fdiuniqueproducts.com\/es\/wp-json\/wp\/v2\/product_tag?post=133"}],"curies":[{"name":"wp","href":"https:\/\/api.w.org\/{rel}","templated":true}]}}