{"id":105,"date":"2021-08-25T19:11:28","date_gmt":"2021-08-25T19:11:28","guid":{"rendered":"https:\/\/fdiuniqueproducts.com\/?post_type=product&#038;p=105"},"modified":"2021-09-14T21:37:30","modified_gmt":"2021-09-14T21:37:30","slug":"bolsas-de-telefonos-textiles-peruanos-carteritas-peruanas-folcloricas","status":"publish","type":"product","link":"https:\/\/fdiuniqueproducts.com\/es\/product\/bolsas-de-telefonos-textiles-peruanos-carteritas-peruanas-folcloricas\/","title":{"rendered":"Bolsas de tel\u00e9fonos textiles peruanos Carteritas Peruanas Folcl\u00f3ricas"},"content":{"rendered":"","protected":false},"excerpt":{"rendered":"<p>Esta hermosa bolsa est\u00e1 hecha con un textil peruano llamado calasmanta. El textil se tej\u00eda a mano y se ti\u00f1e naturalmente de bayas y hojas silvestres. Las dimensiones tienen 4,5 de ancho x 7 de altura. Tiene, dos compartimentos de cremallera, un compartimento para el tel\u00e9fono celular, es una artesan\u00eda de arte peruano bien hecha, y hermoso y pr\u00e1ctico para ir a todas partes!<\/p>\n","protected":false},"featured_media":120,"template":"","meta":[],"product_cat":[17],"product_tag":[],"class_list":{"0":"post-105","1":"product","2":"type-product","3":"status-publish","4":"has-post-thumbnail","6":"product_cat-productos-peruanos","8":"first","9":"instock","10":"taxable","11":"shipping-taxable","12":"purchasable","13":"product-type-simple"},"jetpack_sharing_enabled":true,"_links":{"self":[{"href":"https:\/\/fdiuniqueproducts.com\/es\/wp-json\/wp\/v2\/product\/105","targetHints":{"allow":["GET"]}}],"collection":[{"href":"https:\/\/fdiuniqueproducts.com\/es\/wp-json\/wp\/v2\/product"}],"about":[{"href":"https:\/\/fdiuniqueproducts.com\/es\/wp-json\/wp\/v2\/types\/product"}],"wp:featuredmedia":[{"embeddable":true,"href":"https:\/\/fdiuniqueproducts.com\/es\/wp-json\/wp\/v2\/media\/120"}],"wp:attachment":[{"href":"https:\/\/fdiuniqueproducts.com\/es\/wp-json\/wp\/v2\/media?parent=105"}],"wp:term":[{"taxonomy":"product_cat","embeddable":true,"href":"https:\/\/fdiuniqueproducts.com\/es\/wp-json\/wp\/v2\/product_cat?post=105"},{"taxonomy":"product_tag","embeddable":true,"href":"https:\/\/fdiuniqueproducts.com\/es\/wp-json\/wp\/v2\/product_tag?post=105"}],"curies":[{"name":"wp","href":"https:\/\/api.w.org\/{rel}","templated":true}]}}